{"id":325,"date":"2025-09-26T13:02:47","date_gmt":"2025-09-26T13:02:47","guid":{"rendered":"https:\/\/mygandoura.com\/?page_id=325"},"modified":"2025-09-27T11:42:05","modified_gmt":"2025-09-27T11:42:05","slug":"accueil","status":"publish","type":"page","link":"https:\/\/mygandoura.com\/","title":{"rendered":"Accueil"},"content":{"rendered":"\n\t<div id=\"gap-1839378198\" class=\"gap-element clearfix\" style=\"display:block; height:auto;\">\n\t\t\n<style>\n#gap-1839378198 {\n  padding-top: 30px;\n}\n<\/style>\n\t<\/div>\n\t\n\n  <div class=\"banner-grid-wrapper\">\n  <div id=\"banner-grid-574545211\" class=\"banner-grid row row-grid row-small\" data-packery-options=\"\">\n                      \n\n<div class=\"col grid-col small-12 large-9 grid-col-1\" ><div class=\"col-inner box-shadow-1\">\n\n<div class=\"slider-wrapper relative\" id=\"slider-364493344\" >\n    <div class=\"slider slider-nav-circle slider-nav-large slider-nav-light slider-style-normal\"\n        data-flickity-options='{\n            \"cellAlign\": \"center\",\n            \"imagesLoaded\": true,\n            \"lazyLoad\": 1,\n            \"freeScroll\": false,\n            \"wrapAround\": true,\n            \"autoPlay\": 6000,\n            \"pauseAutoPlayOnHover\" : true,\n            \"prevNextButtons\": true,\n            \"contain\" : true,\n            \"adaptiveHeight\" : true,\n            \"dragThreshold\" : 10,\n            \"percentPosition\": true,\n            \"pageDots\": true,\n            \"rightToLeft\": false,\n            \"draggable\": true,\n            \"selectedAttraction\": 0.1,\n            \"parallax\" : 0,\n            \"friction\": 0.6        }'\n        >\n        \n\n\n  <div class=\"banner has-hover bg-zoom-fade\" id=\"banner-1025406778\">\n          <div class=\"banner-inner fill\">\n        <div class=\"banner-bg fill\" >\n            <img data-recalc-dims=\"1\" loading=\"lazy\" decoding=\"async\" width=\"1020\" height=\"1530\" src=\"https:\/\/i0.wp.com\/mygandoura.com\/wp-content\/uploads\/2025\/09\/1000096053.png?resize=1020%2C1530&#038;ssl=1\" class=\"bg attachment-original size-original\" alt=\"gandoura\" \/>                        <div class=\"overlay\"><\/div>            \n                    <\/div>\n\t\t\n        <div class=\"banner-layers container\">\n            <div class=\"fill banner-link\"><\/div>            \n\n   <div id=\"text-box-1976905616\" class=\"text-box banner-layer x50 md-x50 lg-x50 y50 md-y50 lg-y50 res-text\">\n                                <div class=\"text-box-content text dark\">\n              \n              <div class=\"text-inner text-center\">\n                  \n\n<h2 class=\"uppercase\"><span style=\"font-size: 130%;\"><strong>NOS NOUVEAUT\u00e9es<\/strong><\/span><\/h2>\n<div class=\"is-divider divider clearfix\" ><\/div>\n\n<a href=\"https:\/\/mygandoura.com\/index.php\/nouveaute\/\" class=\"button white is-underline is-larger\" >\n\t\t<span>D\u00e9couvrir<\/span>\n\t<i class=\"icon-play\" aria-hidden=\"true\"><\/i><\/a>\n\n\n\n              <\/div>\n           <\/div>\n                            \n<style>\n#text-box-1976905616 {\n  width: 78%;\n}\n#text-box-1976905616 .text-box-content {\n  font-size: 99%;\n}\n@media (min-width:550px) {\n  #text-box-1976905616 {\n    width: 68%;\n  }\n}\n<\/style>\n    <\/div>\n \n\n        <\/div>\n      <\/div>\n\n            \n<style>\n#banner-1025406778 {\n  padding-top: 500px;\n  background-color: rgb(2, 2, 2);\n}\n#banner-1025406778 .overlay {\n  background-color: rgba(0,0,0,.5);\n}\n#banner-1025406778 .banner-bg img {\n  object-position: 56% 29%;\n}\n<\/style>\n  <\/div>\n\n\n\n     <\/div>\n\n     <div class=\"loading-spin dark large centered\"><\/div>\n\n\t<\/div>\n\n\n\n<\/div><\/div>\n<div class=\"col grid-col small-12 large-3 grid-col-1-2\" ><div class=\"col-inner box-shadow-1\">\n\n\n  <div class=\"banner has-hover bg-zoom-fade\" id=\"banner-942031155\">\n          <div class=\"banner-inner fill\">\n        <div class=\"banner-bg fill\" >\n            <img data-recalc-dims=\"1\" loading=\"lazy\" decoding=\"async\" width=\"1020\" height=\"1530\" src=\"https:\/\/i0.wp.com\/mygandoura.com\/wp-content\/uploads\/2025\/09\/ChatGPT-Image-27-sept.-2025-13_30_15.png?resize=1020%2C1530&#038;ssl=1\" class=\"bg attachment-original size-original\" alt=\"gandoura-femme\" \/>                        <div class=\"overlay\"><\/div>            \n                    <\/div>\n\t\t\n        <div class=\"banner-layers container\">\n            <a class=\"fill\" href=\"https:\/\/mygandoura.com\/index.php\/gandoura\/\"><div class=\"fill banner-link\"><\/div><\/a>            \n\n   <div id=\"text-box-1857407311\" class=\"text-box banner-layer x50 md-x50 lg-x50 y50 md-y50 lg-y50 res-text\">\n                                <div class=\"text-box-content text dark\">\n              \n              <div class=\"text-inner text-center\">\n                  \n\n<h2 class=\"uppercase\"><strong>POUR ELLE<\/strong><\/h2>\n<div class=\"is-divider divider clearfix\" ><\/div>\n\n\n              <\/div>\n           <\/div>\n                            \n<style>\n#text-box-1857407311 {\n  width: 60%;\n}\n#text-box-1857407311 .text-box-content {\n  font-size: 100%;\n}\n@media (min-width:550px) {\n  #text-box-1857407311 {\n    width: 67%;\n  }\n}\n<\/style>\n    <\/div>\n \n\n        <\/div>\n      <\/div>\n\n            \n<style>\n#banner-942031155 {\n  padding-top: 50%;\n}\n#banner-942031155 .overlay {\n  background-color: rgba(0,0,0,.5);\n}\n#banner-942031155 .banner-bg img {\n  object-position: 33% 37%;\n}\n@media (min-width:550px) {\n  #banner-942031155 {\n    padding-top: 500px;\n  }\n}\n<\/style>\n  <\/div>\n\n\n\n<\/div><\/div>\n<div class=\"col grid-col small-13 large-3 grid-col-1-2\" ><div class=\"col-inner box-shadow-1\">\n\n\n  <div class=\"banner has-hover bg-zoom-fade\" id=\"banner-886177421\">\n          <div class=\"banner-inner fill\">\n        <div class=\"banner-bg fill\" >\n            <img data-recalc-dims=\"1\" loading=\"lazy\" decoding=\"async\" width=\"1020\" height=\"1530\" src=\"https:\/\/i0.wp.com\/mygandoura.com\/wp-content\/uploads\/2025\/09\/ChatGPT-Image-27-sept.-2025-13_33_40.png?resize=1020%2C1530&#038;ssl=1\" class=\"bg attachment-original size-original\" alt=\"gandoura-homme\" \/>                        <div class=\"overlay\"><\/div>            \n                    <\/div>\n\t\t\n        <div class=\"banner-layers container\">\n            <a class=\"fill\" href=\"https:\/\/mygandoura.com\/index.php\/qamis\/\"><div class=\"fill banner-link\"><\/div><\/a>            \n\n   <div id=\"text-box-1066729102\" class=\"text-box banner-layer x50 md-x50 lg-x50 y50 md-y50 lg-y50 res-text\">\n                                <div class=\"text-box-content text dark\">\n              \n              <div class=\"text-inner text-center\">\n                  \n\n<h2 class=\"uppercase\"><strong>POUR LUI<\/strong><\/h2>\n<div class=\"is-divider divider clearfix\" ><\/div>\n\n\n              <\/div>\n           <\/div>\n                            \n<style>\n#text-box-1066729102 {\n  width: 60%;\n}\n#text-box-1066729102 .text-box-content {\n  font-size: 100%;\n}\n@media (min-width:550px) {\n  #text-box-1066729102 {\n    width: 68%;\n  }\n}\n<\/style>\n    <\/div>\n \n\n        <\/div>\n      <\/div>\n\n            \n<style>\n#banner-886177421 {\n  padding-top: 50%;\n}\n#banner-886177421 .overlay {\n  background-color: rgba(0,0,0,.5);\n}\n#banner-886177421 .banner-bg img {\n  object-position: 43% 39%;\n}\n@media (min-width:550px) {\n  #banner-886177421 {\n    padding-top: 500px;\n  }\n}\n<\/style>\n  <\/div>\n\n\n\n<\/div><\/div>\n\n            <\/div>\n    <style>\n    #banner-grid-574545211 .grid-col-1{height: 575px}\n    #banner-grid-574545211 .grid-col-1-2{height: 287.5px}\n    #banner-grid-574545211 .grid-col-1-3{height:191.66666666667px}\n    #banner-grid-574545211 .grid-col-2-3{height: 383.33333333333px}\n    #banner-grid-574545211 .grid-col-1-4{height: 143.75px}\n    #banner-grid-574545211 .grid-col-3-4{height: 431.25px}\n\n\n    \n    \n\n  <\/style>\n    <\/div>\n  \n\t\n  \n    <div class=\"row large-columns-4 medium-columns-3 small-columns-2 row-small slider row-slider slider-nav-reveal slider-nav-push\"  data-flickity-options='{&quot;imagesLoaded&quot;: true, &quot;groupCells&quot;: &quot;100%&quot;, &quot;dragThreshold&quot; : 5, &quot;cellAlign&quot;: &quot;left&quot;,&quot;wrapAround&quot;: true,&quot;prevNextButtons&quot;: true,&quot;percentPosition&quot;: true,&quot;pageDots&quot;: false, &quot;rightToLeft&quot;: false, &quot;autoPlay&quot; : false}' >\n\n  <\/div>\n\n<div class=\"container section-title-container\" ><h3 class=\"section-title section-title-bold-center\"><b aria-hidden=\"true\"><\/b><span class=\"section-title-main\" style=\"font-size:undefined%;color:#2f050f;\">NOS CAT\u00e9gories<\/span><b aria-hidden=\"true\"><\/b><\/h3><\/div>\n\n\n  \n    <div class=\"row large-columns-4 medium-columns-3 small-columns-2 row-small slider row-slider slider-nav-reveal\"  data-flickity-options='{&quot;imagesLoaded&quot;: true, &quot;groupCells&quot;: &quot;100%&quot;, &quot;dragThreshold&quot; : 5, &quot;cellAlign&quot;: &quot;left&quot;,&quot;wrapAround&quot;: true,&quot;prevNextButtons&quot;: true,&quot;percentPosition&quot;: true,&quot;pageDots&quot;: false, &quot;rightToLeft&quot;: false, &quot;autoPlay&quot; : false}' >\n\n  <div class=\"product-category col\" >\n            <div class=\"col-inner\">\n              <a aria-label=\"Acc\u00e9der \u00e0 la cat\u00e9gorie de produits Collection Festive\" href=\"https:\/\/mygandoura.com\/index.php\/categorie-produit\/collection-festive\/\">                <div class=\"box box-category has-hover box-badge hover-dark \">\n                <div class=\"box-image\" >\n                  <div class=\"\" >\n                  <img loading=\"lazy\" decoding=\"async\" src=\"https:\/\/i0.wp.com\/mygandoura.com\/wp-content\/uploads\/2025\/09\/ChatGPT-Image-27-sept.-2025-11_44_11.png?resize=247%2C296&#038;ssl=1\" alt=\"Collection Festive\" width=\"300\" height=\"300\" \/>                                                      <\/div>\n                <\/div>\n                <div class=\"box-text text-center\" >\n                  <div class=\"box-text-inner\">\n                      <h5 class=\"uppercase header-title\">\n                              Collection Festive                      <\/h5>\n                                            <p class=\"is-xsmall uppercase count \">\n\t                      9 Produits                      <\/p>\n                                            \n                  <\/div>\n                <\/div>\n                <\/div>\n            <\/a>            <\/div>\n            <\/div><div class=\"product-category col\" >\n            <div class=\"col-inner\">\n              <a aria-label=\"Acc\u00e9der \u00e0 la cat\u00e9gorie de produits Ensemble &amp; Accessoire\" href=\"https:\/\/mygandoura.com\/index.php\/categorie-produit\/ensemble-accessoire\/\">                <div class=\"box box-category has-hover box-badge hover-dark \">\n                <div class=\"box-image\" >\n                  <div class=\"\" >\n                  <img loading=\"lazy\" decoding=\"async\" src=\"https:\/\/i0.wp.com\/mygandoura.com\/wp-content\/uploads\/2025\/09\/ChatGPT-Image-27-sept.-2025-12_36_15.png?resize=247%2C296&#038;ssl=1\" alt=\"Ensemble &amp; Accessoire\" width=\"300\" height=\"300\" \/>                                                      <\/div>\n                <\/div>\n                <div class=\"box-text text-center\" >\n                  <div class=\"box-text-inner\">\n                      <h5 class=\"uppercase header-title\">\n                              Ensemble &amp; Accessoire                      <\/h5>\n                                            <p class=\"is-xsmall uppercase count \">\n\t                      4 Produits                      <\/p>\n                                            \n                  <\/div>\n                <\/div>\n                <\/div>\n            <\/a>            <\/div>\n            <\/div><div class=\"product-category col\" >\n            <div class=\"col-inner\">\n              <a aria-label=\"Acc\u00e9der \u00e0 la cat\u00e9gorie de produits Gandoura Femme\" href=\"https:\/\/mygandoura.com\/index.php\/categorie-produit\/gandoura\/\">                <div class=\"box box-category has-hover box-badge hover-dark \">\n                <div class=\"box-image\" >\n                  <div class=\"\" >\n                  <img loading=\"lazy\" decoding=\"async\" src=\"https:\/\/i0.wp.com\/mygandoura.com\/wp-content\/uploads\/2025\/09\/ChatGPT-Image-27-sept.-2025-11_44_17-1.png?resize=247%2C296&#038;ssl=1\" alt=\"Gandoura Femme\" width=\"300\" height=\"300\" \/>                                                      <\/div>\n                <\/div>\n                <div class=\"box-text text-center\" >\n                  <div class=\"box-text-inner\">\n                      <h5 class=\"uppercase header-title\">\n                              Gandoura Femme                      <\/h5>\n                                            <p class=\"is-xsmall uppercase count \">\n\t                      9 Produits                      <\/p>\n                                            \n                  <\/div>\n                <\/div>\n                <\/div>\n            <\/a>            <\/div>\n            <\/div><div class=\"product-category col\" >\n            <div class=\"col-inner\">\n              <a aria-label=\"Acc\u00e9der \u00e0 la cat\u00e9gorie de produits Gandoura Homme\" href=\"https:\/\/mygandoura.com\/index.php\/categorie-produit\/gandoura-homme\/\">                <div class=\"box box-category has-hover box-badge hover-dark \">\n                <div class=\"box-image\" >\n                  <div class=\"\" >\n                  <img loading=\"lazy\" decoding=\"async\" src=\"https:\/\/i0.wp.com\/mygandoura.com\/wp-content\/uploads\/2025\/09\/ChatGPT-Image-27-sept.-2025-11_44_31.png?resize=247%2C296&#038;ssl=1\" alt=\"Gandoura Homme\" width=\"300\" height=\"300\" \/>                                                      <\/div>\n                <\/div>\n                <div class=\"box-text text-center\" >\n                  <div class=\"box-text-inner\">\n                      <h5 class=\"uppercase header-title\">\n                              Gandoura Homme                      <\/h5>\n                                            <p class=\"is-xsmall uppercase count \">\n\t                      3 Produits                      <\/p>\n                                            \n                  <\/div>\n                <\/div>\n                <\/div>\n            <\/a>            <\/div>\n            <\/div><\/div>\n\n\t<div id=\"gap-1342224808\" class=\"gap-element clearfix\" style=\"display:block; height:auto;\">\n\t\t\n<style>\n#gap-1342224808 {\n  padding-top: 36px;\n}\n<\/style>\n\t<\/div>\n\t\n\n\n","protected":false},"excerpt":{"rendered":"","protected":false},"author":1,"featured_media":0,"parent":0,"menu_order":0,"comment_status":"closed","ping_status":"closed","template":"page-blank.php","meta":{"footnotes":""},"class_list":["post-325","page","type-page","status-publish","hentry"],"jetpack_sharing_enabled":true,"_links":{"self":[{"href":"https:\/\/mygandoura.com\/index.php\/wp-json\/wp\/v2\/pages\/325","targetHints":{"allow":["GET"]}}],"collection":[{"href":"https:\/\/mygandoura.com\/index.php\/wp-json\/wp\/v2\/pages"}],"about":[{"href":"https:\/\/mygandoura.com\/index.php\/wp-json\/wp\/v2\/types\/page"}],"author":[{"embeddable":true,"href":"https:\/\/mygandoura.com\/index.php\/wp-json\/wp\/v2\/users\/1"}],"replies":[{"embeddable":true,"href":"https:\/\/mygandoura.com\/index.php\/wp-json\/wp\/v2\/comments?post=325"}],"version-history":[{"count":20,"href":"https:\/\/mygandoura.com\/index.php\/wp-json\/wp\/v2\/pages\/325\/revisions"}],"predecessor-version":[{"id":437,"href":"https:\/\/mygandoura.com\/index.php\/wp-json\/wp\/v2\/pages\/325\/revisions\/437"}],"wp:attachment":[{"href":"https:\/\/mygandoura.com\/index.php\/wp-json\/wp\/v2\/media?parent=325"}],"curies":[{"name":"wp","href":"https:\/\/api.w.org\/{rel}","templated":true}]}}