{"id":402,"date":"2025-09-27T09:21:24","date_gmt":"2025-09-27T09:21:24","guid":{"rendered":"https:\/\/mygandoura.com\/?page_id=402"},"modified":"2025-09-27T09:40:35","modified_gmt":"2025-09-27T09:40:35","slug":"contactez-nous","status":"publish","type":"page","link":"https:\/\/mygandoura.com\/index.php\/contactez-nous\/","title":{"rendered":"Contactez-nous"},"content":{"rendered":"\n\n\t<section class=\"section\" id=\"section_545208809\">\n\t\t<div class=\"section-bg fill\" >\n\t\t\t\t\t\t\t\t\t\n\t\t\t\n\n\t\t<\/div>\n\n\t\t\n\n\t\t<div class=\"section-content relative\">\n\t\t\t\n\n<div class=\"row\"  id=\"row-1847538160\">\n\n\n\t<div id=\"col-253583139\" class=\"col small-12 large-12\"  >\n\t\t\t\t<div class=\"col-inner\"  >\n\t\t\t\n\t\t\t\n\n<h5 class=\"uppercase\">\u00a0<\/h5>\n<hr \/>\n<h1>\ud83d\udce9 <strong>Contactez-nous<\/strong><\/h1>\n<p>Vous avez une question, besoin d\u2019un conseil ou envie d\u2019en savoir plus sur nos collections de <strong>gandouras et tenues orientales<\/strong> ?<br \/>Notre \u00e9quipe est \u00e0 votre \u00e9coute et se fera un plaisir de vous r\u00e9pondre dans les plus brefs d\u00e9lais.<\/p>\n<hr \/>\n<h3>\ud83d\udcde <strong>Service client<\/strong><\/h3>\n<ul>\n<li>\n<p>Email : <strong><a href=\"mailto:contact@mygandoura.com\">mygandoura.com@gmail.com<\/a><\/strong><\/p>\n<\/li>\n<\/ul>\n<hr \/>\n<h3>\ud83d\udd52 <strong>Horaires d\u2019ouverture<\/strong><\/h3>\n<p>Notre service client est disponible :<\/p>\n<ul>\n<li>\n<p>Du <strong>lundi au vendredi<\/strong> : 9h \u2013 18h<\/p>\n<\/li>\n<li>\n<p>Le <strong>samedi<\/strong> : 10h \u2013 16h<\/p>\n<\/li>\n<li>\n<p>Ferm\u00e9 le dimanche et jours f\u00e9ri\u00e9s<\/p>\n<\/li>\n<\/ul>\n<hr \/>\n<h3>\ud83d\udccd <strong>Adresse<\/strong><\/h3>\n<p>MY GANDOURA<br \/>20 Rue des Saint-Simoniens, 34500 B\u00e9ziers<\/p>\n<hr \/>\n<h3>\u2709\ufe0f <strong>Formulaire de contact<\/strong><\/h3>\n<p>Remplissez simplement le formulaire ci-dessous, et nous reviendrons vers vous sous <strong>24h ouvr\u00e9es<\/strong> :<\/p>\n\n<div class=\"wpcf7 no-js\" id=\"wpcf7-f411-o1\" lang=\"fr-FR\" dir=\"ltr\" data-wpcf7-id=\"411\">\n<div class=\"screen-reader-response\"><p role=\"status\" aria-live=\"polite\" aria-atomic=\"true\"><\/p> <ul><\/ul><\/div>\n<form action=\"\/index.php\/wp-json\/wp\/v2\/pages\/402#wpcf7-f411-o1\" method=\"post\" class=\"wpcf7-form init\" aria-label=\"Formulaire de contact\" novalidate=\"novalidate\" data-status=\"init\">\n<fieldset class=\"hidden-fields-container\"><input type=\"hidden\" name=\"_wpcf7\" value=\"411\" \/><input type=\"hidden\" name=\"_wpcf7_version\" value=\"6.1.4\" \/><input type=\"hidden\" name=\"_wpcf7_locale\" value=\"fr_FR\" \/><input type=\"hidden\" name=\"_wpcf7_unit_tag\" value=\"wpcf7-f411-o1\" \/><input type=\"hidden\" name=\"_wpcf7_container_post\" value=\"0\" \/><input type=\"hidden\" name=\"_wpcf7_posted_data_hash\" value=\"\" \/>\n<\/fieldset>\n<p><label> Votre nom<br \/>\n<span class=\"wpcf7-form-control-wrap\" data-name=\"your-name\"><input size=\"40\" maxlength=\"400\" class=\"wpcf7-form-control wpcf7-text wpcf7-validates-as-required\" autocomplete=\"name\" aria-required=\"true\" aria-invalid=\"false\" value=\"\" type=\"text\" name=\"your-name\" \/><\/span> <\/label>\n<\/p>\n<p><label> Votre e-mail<br \/>\n<span class=\"wpcf7-form-control-wrap\" data-name=\"your-email\"><input size=\"40\" maxlength=\"400\" class=\"wpcf7-form-control wpcf7-email wpcf7-validates-as-required wpcf7-text wpcf7-validates-as-email\" autocomplete=\"email\" aria-required=\"true\" aria-invalid=\"false\" value=\"\" type=\"email\" name=\"your-email\" \/><\/span> <\/label>\n<\/p>\n<p><label> Objet<br \/>\n<span class=\"wpcf7-form-control-wrap\" data-name=\"your-subject\"><input size=\"40\" maxlength=\"400\" class=\"wpcf7-form-control wpcf7-text wpcf7-validates-as-required\" aria-required=\"true\" aria-invalid=\"false\" value=\"\" type=\"text\" name=\"your-subject\" \/><\/span> <\/label>\n<\/p>\n<p><label> Votre message (facultatif)<br \/>\n<span class=\"wpcf7-form-control-wrap\" data-name=\"your-message\"><textarea cols=\"40\" rows=\"10\" maxlength=\"2000\" class=\"wpcf7-form-control wpcf7-textarea\" aria-invalid=\"false\" name=\"your-message\"><\/textarea><\/span> <\/label>\n<\/p>\n<p><input class=\"wpcf7-form-control wpcf7-submit has-spinner\" type=\"submit\" value=\"Envoyer\" \/>\n<\/p><p style=\"display: none !important;\" class=\"akismet-fields-container\" data-prefix=\"_wpcf7_ak_\"><label>&#916;<textarea name=\"_wpcf7_ak_hp_textarea\" cols=\"45\" rows=\"8\" maxlength=\"100\"><\/textarea><\/label><input type=\"hidden\" id=\"ak_js_1\" name=\"_wpcf7_ak_js\" value=\"43\"\/><script>document.getElementById( \"ak_js_1\" ).setAttribute( \"value\", ( new Date() ).getTime() );<\/script><\/p><div class=\"wpcf7-response-output\" aria-hidden=\"true\"><\/div>\n<\/form>\n<\/div>\n\n<hr \/>\n<h3>\ud83e\udd1d <strong>Suivez-nous<\/strong><\/h3>\n<p>Rejoignez la communaut\u00e9 MyGandoura pour d\u00e9couvrir nos nouveaut\u00e9s, inspirations et promotions exclusives :<\/p>\n<ul>\n<li>\n<p>TikTok : <strong>@mygandoura.com<\/strong><\/p>\n<\/li>\n<\/ul>\n<p>\u00a0<\/p>\n\n\t\t<\/div>\n\t\t\t\t\t<\/div>\n\n\t\n\n<\/div>\n\n\t\t<\/div>\n\n\t\t\n<style>\n#section_545208809 {\n  padding-top: 30px;\n  padding-bottom: 30px;\n}\n<\/style>\n\t<\/section>\n\t\n\n","protected":false},"excerpt":{"rendered":"","protected":false},"author":1,"featured_media":0,"parent":0,"menu_order":0,"comment_status":"closed","ping_status":"closed","template":"","meta":{"footnotes":""},"class_list":["post-402","page","type-page","status-publish","hentry"],"jetpack_sharing_enabled":true,"_links":{"self":[{"href":"https:\/\/mygandoura.com\/index.php\/wp-json\/wp\/v2\/pages\/402","targetHints":{"allow":["GET"]}}],"collection":[{"href":"https:\/\/mygandoura.com\/index.php\/wp-json\/wp\/v2\/pages"}],"about":[{"href":"https:\/\/mygandoura.com\/index.php\/wp-json\/wp\/v2\/types\/page"}],"author":[{"embeddable":true,"href":"https:\/\/mygandoura.com\/index.php\/wp-json\/wp\/v2\/users\/1"}],"replies":[{"embeddable":true,"href":"https:\/\/mygandoura.com\/index.php\/wp-json\/wp\/v2\/comments?post=402"}],"version-history":[{"count":4,"href":"https:\/\/mygandoura.com\/index.php\/wp-json\/wp\/v2\/pages\/402\/revisions"}],"predecessor-version":[{"id":413,"href":"https:\/\/mygandoura.com\/index.php\/wp-json\/wp\/v2\/pages\/402\/revisions\/413"}],"wp:attachment":[{"href":"https:\/\/mygandoura.com\/index.php\/wp-json\/wp\/v2\/media?parent=402"}],"curies":[{"name":"wp","href":"https:\/\/api.w.org\/{rel}","templated":true}]}}