{"id":67,"date":"2025-09-22T16:32:28","date_gmt":"2025-09-22T16:32:28","guid":{"rendered":"https:\/\/mygandoura.com\/?page_id=67"},"modified":"2025-09-22T16:43:19","modified_gmt":"2025-09-22T16:43:19","slug":"mention-legale","status":"publish","type":"page","link":"https:\/\/mygandoura.com\/index.php\/mention-legale\/","title":{"rendered":"Mention l\u00e9gale"},"content":{"rendered":"\n<p>\u00a0<\/p>\n<hr \/>\n<h1>Mentions l\u00e9gales \u2013 Mygandoura<\/h1>\n<p>Conform\u00e9ment aux dispositions des articles 6-III et 19 de la loi n\u00b02004-575 du 21 juin 2004 pour la Confiance dans l\u2019\u00c9conomie Num\u00e9rique (LCEN), il est port\u00e9 \u00e0 la connaissance des utilisateurs du site <strong><a href=\"http:\/\/www.mygandoura.com\/\">www.mygandoura.com<\/a><\/strong> les pr\u00e9sentes mentions l\u00e9gales.<\/p>\n<hr \/>\n<h2>1. \u00c9diteur du site<\/h2>\n<p>Le site <strong>Mygandoura<\/strong> est \u00e9dit\u00e9 par :<br \/><strong>Soci\u00e9t\u00e9 :<\/strong> SAMED<br \/><strong>Forme juridique :<\/strong> SAS (Soci\u00e9t\u00e9 par Actions Simplifi\u00e9e)<br \/><strong>Si\u00e8ge social :<\/strong> 20 rue des Saints-Simoniens, 34500 B\u00e9ziers, France<br \/><strong>Email de contact :<\/strong> <a href=\"mailto:mygandoura.com@gmail.com\">mygandoura.com@gmail.com<\/a><br \/><strong>Num\u00e9ro de SIRET \/ RCS, Capital social : 945182095<\/strong><\/p>\n<hr \/>\n<h2>2. Directeur de la publication<\/h2>\n<p>Le directeur de la publication est :<br \/><strong>Nom du repr\u00e9sentant l\u00e9gal de SAMED,\u00a0 Mr et Mme Bouchnafa \u2013<\/strong><\/p>\n<p><strong>3. H\u00e9bergement du site<\/strong><\/p>\n<p>Le site est h\u00e9berg\u00e9 par :<strong>OVH<\/strong><\/p>\n<p>Si\u00e8ge social : 2 rue Kellermann &#8211; 59100 Roubaix &#8211; France<\/p>\n<hr \/>\n<h2>4. Propri\u00e9t\u00e9 intellectuelle<\/h2>\n<p>L\u2019ensemble du contenu du site (textes, images, graphismes, logo, ic\u00f4nes, vid\u00e9os, logiciels\u2026) est la propri\u00e9t\u00e9 exclusive de <strong>SAMED<\/strong> sauf mention contraire.<br \/>Toute reproduction, distribution, modification ou utilisation, m\u00eame partielle, sans autorisation \u00e9crite pr\u00e9alable est strictement interdite.<\/p>\n<hr \/>\n<h2>5. Donn\u00e9es personnelles<\/h2>\n<p>Conform\u00e9ment au RGPD et \u00e0 la loi Informatique et Libert\u00e9s, les informations collect\u00e9es sur le site <strong>Mygandoura<\/strong> sont destin\u00e9es exclusivement \u00e0 l\u2019usage de la soci\u00e9t\u00e9 <strong>SAMED<\/strong>.<br \/>Vous disposez d\u2019un droit d\u2019acc\u00e8s, de rectification et de suppression de vos donn\u00e9es. Pour l\u2019exercer, contactez-nous \u00e0 : <strong><a href=\"mailto:mygandoura.com@gmail.com\">mygandoura.com@gmail.com<\/a><\/strong>.<\/p>\n<hr \/>\n<h2>6. Responsabilit\u00e9<\/h2>\n<p>La soci\u00e9t\u00e9 <strong>SAMED<\/strong> s\u2019efforce d\u2019assurer l\u2019exactitude et la mise \u00e0 jour des informations pr\u00e9sentes sur le site.<br \/>Toutefois, elle ne saurait \u00eatre tenue responsable :<\/p>\n<ul>\n<li>\n<p>d\u2019erreurs ou d\u2019omissions,<\/p>\n<\/li>\n<li>\n<p>de l\u2019indisponibilit\u00e9 temporaire du site,<\/p>\n<\/li>\n<li>\n<p>ou de dommages r\u00e9sultant de l\u2019utilisation du site ou d\u2019un lien externe.<\/p>\n<\/li>\n<\/ul>\n\n","protected":false},"excerpt":{"rendered":"","protected":false},"author":1,"featured_media":0,"parent":0,"menu_order":0,"comment_status":"closed","ping_status":"closed","template":"","meta":{"footnotes":""},"class_list":["post-67","page","type-page","status-publish","hentry"],"jetpack_sharing_enabled":true,"_links":{"self":[{"href":"https:\/\/mygandoura.com\/index.php\/wp-json\/wp\/v2\/pages\/67","targetHints":{"allow":["GET"]}}],"collection":[{"href":"https:\/\/mygandoura.com\/index.php\/wp-json\/wp\/v2\/pages"}],"about":[{"href":"https:\/\/mygandoura.com\/index.php\/wp-json\/wp\/v2\/types\/page"}],"author":[{"embeddable":true,"href":"https:\/\/mygandoura.com\/index.php\/wp-json\/wp\/v2\/users\/1"}],"replies":[{"embeddable":true,"href":"https:\/\/mygandoura.com\/index.php\/wp-json\/wp\/v2\/comments?post=67"}],"version-history":[{"count":3,"href":"https:\/\/mygandoura.com\/index.php\/wp-json\/wp\/v2\/pages\/67\/revisions"}],"predecessor-version":[{"id":70,"href":"https:\/\/mygandoura.com\/index.php\/wp-json\/wp\/v2\/pages\/67\/revisions\/70"}],"wp:attachment":[{"href":"https:\/\/mygandoura.com\/index.php\/wp-json\/wp\/v2\/media?parent=67"}],"curies":[{"name":"wp","href":"https:\/\/api.w.org\/{rel}","templated":true}]}}