{"id":88,"date":"2025-09-23T07:39:59","date_gmt":"2025-09-23T07:39:59","guid":{"rendered":"https:\/\/mygandoura.com\/?page_id=88"},"modified":"2025-09-25T17:36:46","modified_gmt":"2025-09-25T17:36:46","slug":"categories","status":"publish","type":"page","link":"https:\/\/mygandoura.com\/index.php\/categories\/","title":{"rendered":"Cat\u00e9gories"},"content":{"rendered":"\n\n\t<section class=\"section\" id=\"section_1043304359\">\n\t\t<div class=\"section-bg fill\" >\n\t\t\t\t\t\t\t\t\t\n\t\t\t\n\n\t\t<\/div>\n\n\t\t\n\n\t\t<div class=\"section-content relative\">\n\t\t\t\n\n<div class=\"row\"  id=\"row-617373784\">\n\n\n\t<div id=\"col-390853956\" class=\"col small-12 large-12\"  data-animate=\"fadeInLeft\">\n\t\t\t\t<div class=\"col-inner\"  >\n\t\t\t\n\t\t\t\n\n\n  \n    <div class=\"row large-columns-4 medium-columns-3 small-columns-2 row-small slider row-slider slider-nav-reveal\"  data-flickity-options='{&quot;imagesLoaded&quot;: true, &quot;groupCells&quot;: &quot;100%&quot;, &quot;dragThreshold&quot; : 5, &quot;cellAlign&quot;: &quot;left&quot;,&quot;wrapAround&quot;: true,&quot;prevNextButtons&quot;: true,&quot;percentPosition&quot;: true,&quot;pageDots&quot;: false, &quot;rightToLeft&quot;: false, &quot;autoPlay&quot; : false}' >\n\n  <div class=\"product-category col\" data-animate=\"fadeInLeft\">\n            <div class=\"col-inner\">\n              <a aria-label=\"Acc\u00e9der \u00e0 la cat\u00e9gorie de produits Collection Festive\" href=\"https:\/\/mygandoura.com\/index.php\/categorie-produit\/collection-festive\/\">                <div class=\"box box-category has-hover box-badge hover-dark \">\n                <div class=\"box-image\" >\n                  <div class=\"\" >\n                  <img loading=\"lazy\" decoding=\"async\" src=\"https:\/\/i0.wp.com\/mygandoura.com\/wp-content\/uploads\/2025\/09\/ChatGPT-Image-27-sept.-2025-11_44_11.png?resize=247%2C296&#038;ssl=1\" alt=\"Collection Festive\" width=\"300\" height=\"300\" \/>                                                      <\/div>\n                <\/div>\n                <div class=\"box-text text-center\" >\n                  <div class=\"box-text-inner\">\n                      <h5 class=\"uppercase header-title\">\n                              Collection Festive                      <\/h5>\n                                            <p class=\"is-xsmall uppercase count \">\n\t                      9 Produits                      <\/p>\n                                            \n                  <\/div>\n                <\/div>\n                <\/div>\n            <\/a>            <\/div>\n            <\/div><div class=\"product-category col\" data-animate=\"fadeInLeft\">\n            <div class=\"col-inner\">\n              <a aria-label=\"Acc\u00e9der \u00e0 la cat\u00e9gorie de produits Ensemble &amp; Accessoire\" href=\"https:\/\/mygandoura.com\/index.php\/categorie-produit\/ensemble-accessoire\/\">                <div class=\"box box-category has-hover box-badge hover-dark \">\n                <div class=\"box-image\" >\n                  <div class=\"\" >\n                  <img loading=\"lazy\" decoding=\"async\" src=\"https:\/\/i0.wp.com\/mygandoura.com\/wp-content\/uploads\/2025\/09\/ChatGPT-Image-27-sept.-2025-12_36_15.png?resize=247%2C296&#038;ssl=1\" alt=\"Ensemble &amp; Accessoire\" width=\"300\" height=\"300\" \/>                                                      <\/div>\n                <\/div>\n                <div class=\"box-text text-center\" >\n                  <div class=\"box-text-inner\">\n                      <h5 class=\"uppercase header-title\">\n                              Ensemble &amp; Accessoire                      <\/h5>\n                                            <p class=\"is-xsmall uppercase count \">\n\t                      4 Produits                      <\/p>\n                                            \n                  <\/div>\n                <\/div>\n                <\/div>\n            <\/a>            <\/div>\n            <\/div><div class=\"product-category col\" data-animate=\"fadeInLeft\">\n            <div class=\"col-inner\">\n              <a aria-label=\"Acc\u00e9der \u00e0 la cat\u00e9gorie de produits Gandoura Femme\" href=\"https:\/\/mygandoura.com\/index.php\/categorie-produit\/gandoura\/\">                <div class=\"box box-category has-hover box-badge hover-dark \">\n                <div class=\"box-image\" >\n                  <div class=\"\" >\n                  <img loading=\"lazy\" decoding=\"async\" src=\"https:\/\/i0.wp.com\/mygandoura.com\/wp-content\/uploads\/2025\/09\/ChatGPT-Image-27-sept.-2025-11_44_17-1.png?resize=247%2C296&#038;ssl=1\" alt=\"Gandoura Femme\" width=\"300\" height=\"300\" \/>                                                      <\/div>\n                <\/div>\n                <div class=\"box-text text-center\" >\n                  <div class=\"box-text-inner\">\n                      <h5 class=\"uppercase header-title\">\n                              Gandoura Femme                      <\/h5>\n                                            <p class=\"is-xsmall uppercase count \">\n\t                      9 Produits                      <\/p>\n                                            \n                  <\/div>\n                <\/div>\n                <\/div>\n            <\/a>            <\/div>\n            <\/div><div class=\"product-category col\" data-animate=\"fadeInLeft\">\n            <div class=\"col-inner\">\n              <a aria-label=\"Acc\u00e9der \u00e0 la cat\u00e9gorie de produits Gandoura Homme\" href=\"https:\/\/mygandoura.com\/index.php\/categorie-produit\/gandoura-homme\/\">                <div class=\"box box-category has-hover box-badge hover-dark \">\n                <div class=\"box-image\" >\n                  <div class=\"\" >\n                  <img loading=\"lazy\" decoding=\"async\" src=\"https:\/\/i0.wp.com\/mygandoura.com\/wp-content\/uploads\/2025\/09\/ChatGPT-Image-27-sept.-2025-11_44_31.png?resize=247%2C296&#038;ssl=1\" alt=\"Gandoura Homme\" width=\"300\" height=\"300\" \/>                                                      <\/div>\n                <\/div>\n                <div class=\"box-text text-center\" >\n                  <div class=\"box-text-inner\">\n                      <h5 class=\"uppercase header-title\">\n                              Gandoura Homme                      <\/h5>\n                                            <p class=\"is-xsmall uppercase count \">\n\t                      3 Produits                      <\/p>\n                                            \n                  <\/div>\n                <\/div>\n                <\/div>\n            <\/a>            <\/div>\n            <\/div><\/div>\n\n\n\t\t<\/div>\n\t\t\t\t\t<\/div>\n\n\t\n\n<\/div>\n\n\t\t<\/div>\n\n\t\t\n<style>\n#section_1043304359 {\n  padding-top: 30px;\n  padding-bottom: 30px;\n}\n<\/style>\n\t<\/section>\n\t\n\n","protected":false},"excerpt":{"rendered":"","protected":false},"author":1,"featured_media":0,"parent":0,"menu_order":0,"comment_status":"closed","ping_status":"closed","template":"","meta":{"footnotes":""},"class_list":["post-88","page","type-page","status-publish","hentry"],"jetpack_sharing_enabled":true,"_links":{"self":[{"href":"https:\/\/mygandoura.com\/index.php\/wp-json\/wp\/v2\/pages\/88","targetHints":{"allow":["GET"]}}],"collection":[{"href":"https:\/\/mygandoura.com\/index.php\/wp-json\/wp\/v2\/pages"}],"about":[{"href":"https:\/\/mygandoura.com\/index.php\/wp-json\/wp\/v2\/types\/page"}],"author":[{"embeddable":true,"href":"https:\/\/mygandoura.com\/index.php\/wp-json\/wp\/v2\/users\/1"}],"replies":[{"embeddable":true,"href":"https:\/\/mygandoura.com\/index.php\/wp-json\/wp\/v2\/comments?post=88"}],"version-history":[{"count":4,"href":"https:\/\/mygandoura.com\/index.php\/wp-json\/wp\/v2\/pages\/88\/revisions"}],"predecessor-version":[{"id":294,"href":"https:\/\/mygandoura.com\/index.php\/wp-json\/wp\/v2\/pages\/88\/revisions\/294"}],"wp:attachment":[{"href":"https:\/\/mygandoura.com\/index.php\/wp-json\/wp\/v2\/media?parent=88"}],"curies":[{"name":"wp","href":"https:\/\/api.w.org\/{rel}","templated":true}]}}