{"id":212,"date":"2025-09-24T16:35:06","date_gmt":"2025-09-24T16:35:06","guid":{"rendered":"https:\/\/mygandoura.com\/?post_type=product&#038;p=212"},"modified":"2025-09-24T17:28:21","modified_gmt":"2025-09-24T17:28:21","slug":"gandoura-alma","status":"publish","type":"product","link":"https:\/\/mygandoura.com\/index.php\/produit\/gandoura-alma\/","title":{"rendered":"Gandoura Alma"},"content":{"rendered":"<h1>\ud83d\udda4 Gandoura Alma chic avec broderie color\u00e9e \u2013 \u00c9l\u00e9gance orientale intemporelle<\/h1>\n<p>Craquez pour cette sublime gandoura au style raffin\u00e9 et moderne, id\u00e9ale pour les femmes \u00e0 la recherche d&rsquo;une tenue \u00e9l\u00e9gante et confortable. Confectionn\u00e9e dans un tissu fluide et opaque, elle se distingue par sa broderie en chevrons multicolores, sublim\u00e9e par une encolure g\u00e9om\u00e9trique unique.<\/p>\n<p>Cette gandoura pour femme est parfaite pour tout type d&rsquo;\u00e9v\u00e9nements. Le contraste entre la couleur profonde et les broderies \u00e9clatantes apporte une touche de modernit\u00e9 \u00e0 ce v\u00eatement d\u2019inspiration traditionnelle.<\/p>\n<p>\u2728 Les + de cette gandoura :<\/p>\n<p>Broderie artisanale color\u00e9e au style contemporain<\/p>\n<p>Coupe ample, confortable et flatteuse pour toutes les morphologies.<\/p>\n<p>Tissu fluide et l\u00e9ger, id\u00e9al en toute saison<\/p>\n<p>Accompagn\u00e9e de son ch\u00e2le assorti \u00e0 finition dor\u00e9e.<\/p>\n<p><strong>Taille unique<\/strong><\/p>\n","protected":false},"excerpt":{"rendered":"<p>\ud83d\udda4 Gandoura Alma chic avec broderie color\u00e9e \u2013 \u00c9l\u00e9gance orientale intemporelle Craquez pour cette sublime gandoura au style raffin\u00e9 et moderne, id\u00e9ale pour les femmes \u00e0 la recherche d&rsquo;une tenue \u00e9l\u00e9gante et confortable. Confectionn\u00e9e dans un tissu fluide et opaque, elle se distingue par sa broderie en chevrons multicolores, sublim\u00e9e par une encolure g\u00e9om\u00e9trique unique. [&#8230;]\n","protected":false},"featured_media":215,"comment_status":"open","ping_status":"closed","template":"","meta":[],"product_brand":[],"product_cat":[22],"product_tag":[],"class_list":{"0":"post-212","1":"product","2":"type-product","3":"status-publish","4":"has-post-thumbnail","6":"product_cat-gandoura","8":"first","9":"instock","10":"shipping-taxable","11":"purchasable","12":"product-type-variable"},"jetpack_sharing_enabled":true,"_links":{"self":[{"href":"https:\/\/mygandoura.com\/index.php\/wp-json\/wp\/v2\/product\/212","targetHints":{"allow":["GET"]}}],"collection":[{"href":"https:\/\/mygandoura.com\/index.php\/wp-json\/wp\/v2\/product"}],"about":[{"href":"https:\/\/mygandoura.com\/index.php\/wp-json\/wp\/v2\/types\/product"}],"replies":[{"embeddable":true,"href":"https:\/\/mygandoura.com\/index.php\/wp-json\/wp\/v2\/comments?post=212"}],"wp:featuredmedia":[{"embeddable":true,"href":"https:\/\/mygandoura.com\/index.php\/wp-json\/wp\/v2\/media\/215"}],"wp:attachment":[{"href":"https:\/\/mygandoura.com\/index.php\/wp-json\/wp\/v2\/media?parent=212"}],"wp:term":[{"taxonomy":"product_brand","embeddable":true,"href":"https:\/\/mygandoura.com\/index.php\/wp-json\/wp\/v2\/product_brand?post=212"},{"taxonomy":"product_cat","embeddable":true,"href":"https:\/\/mygandoura.com\/index.php\/wp-json\/wp\/v2\/product_cat?post=212"},{"taxonomy":"product_tag","embeddable":true,"href":"https:\/\/mygandoura.com\/index.php\/wp-json\/wp\/v2\/product_tag?post=212"}],"curies":[{"name":"wp","href":"https:\/\/api.w.org\/{rel}","templated":true}]}}