{"id":233,"date":"2025-09-24T17:59:35","date_gmt":"2025-09-24T17:59:35","guid":{"rendered":"https:\/\/mygandoura.com\/?post_type=product&#038;p=233"},"modified":"2025-09-24T18:28:46","modified_gmt":"2025-09-24T18:28:46","slug":"robe-princessa","status":"publish","type":"product","link":"https:\/\/mygandoura.com\/index.php\/produit\/robe-princessa\/","title":{"rendered":"Robe Princessa"},"content":{"rendered":"<h1>\u2728 Robe Princessa en soie de M\u00e9dine \u2013 \u2728<\/h1>\n<p>Plongez dans l\u2019\u00e9l\u00e9gance intemporelle avec cette robe en soie de M\u00e9dine, con\u00e7ue pour sublimer toutes les silhouettes gr\u00e2ce \u00e0 sa taille unique fluide et confortable. Son tissu l\u00e9ger offre un tomb\u00e9 raffin\u00e9, tandis que ses somptueuses broderies dor\u00e9es viennent illuminer le col, les poignets et le buste avec finesse.<\/p>\n<p>Id\u00e9ale pour vos occasions sp\u00e9ciales, vos soir\u00e9es festives ou simplement pour vous sentir majestueuse au quotidien, cette robe qui allie tradition et modernit\u00e9 avec subtilit\u00e9.<\/p>\n<p>\ud83e\udea1 <strong>D\u00e9tails<\/strong> :<\/p>\n<p>* <strong>Taille Unique<\/strong> (convient \u00e0 toutes les morphologies)<br \/>\n* <strong>Tissu<\/strong> : Soie de M\u00e9dine \u2013 doux, fluide et opaque<br \/>\n* <strong>Broderies<\/strong> dor\u00e9es travaill\u00e9es avec soin<br \/>\n* <strong>Confort<\/strong> absolu &amp; \u00e9l\u00e9gance orientale<\/p>\n<p>*<strong>Ceinture<\/strong> int\u00e9gr\u00e9e \u00e0 l&rsquo;int\u00e9rieur pour affiner la taille.<\/p>\n","protected":false},"excerpt":{"rendered":"<p>\u2728 Robe Princessa en soie de M\u00e9dine \u2013 \u2728 Plongez dans l\u2019\u00e9l\u00e9gance intemporelle avec cette robe en soie de M\u00e9dine, con\u00e7ue pour sublimer toutes les silhouettes gr\u00e2ce \u00e0 sa taille unique fluide et confortable. Son tissu l\u00e9ger offre un tomb\u00e9 raffin\u00e9, tandis que ses somptueuses broderies dor\u00e9es viennent illuminer le col, les poignets et le [&#8230;]\n","protected":false},"featured_media":231,"comment_status":"open","ping_status":"closed","template":"","meta":[],"product_brand":[],"product_cat":[19],"product_tag":[],"class_list":{"0":"post-233","1":"product","2":"type-product","3":"status-publish","4":"has-post-thumbnail","6":"product_cat-collection-festive","8":"first","9":"instock","10":"shipping-taxable","11":"purchasable","12":"product-type-variable"},"jetpack_sharing_enabled":true,"_links":{"self":[{"href":"https:\/\/mygandoura.com\/index.php\/wp-json\/wp\/v2\/product\/233","targetHints":{"allow":["GET"]}}],"collection":[{"href":"https:\/\/mygandoura.com\/index.php\/wp-json\/wp\/v2\/product"}],"about":[{"href":"https:\/\/mygandoura.com\/index.php\/wp-json\/wp\/v2\/types\/product"}],"replies":[{"embeddable":true,"href":"https:\/\/mygandoura.com\/index.php\/wp-json\/wp\/v2\/comments?post=233"}],"wp:featuredmedia":[{"embeddable":true,"href":"https:\/\/mygandoura.com\/index.php\/wp-json\/wp\/v2\/media\/231"}],"wp:attachment":[{"href":"https:\/\/mygandoura.com\/index.php\/wp-json\/wp\/v2\/media?parent=233"}],"wp:term":[{"taxonomy":"product_brand","embeddable":true,"href":"https:\/\/mygandoura.com\/index.php\/wp-json\/wp\/v2\/product_brand?post=233"},{"taxonomy":"product_cat","embeddable":true,"href":"https:\/\/mygandoura.com\/index.php\/wp-json\/wp\/v2\/product_cat?post=233"},{"taxonomy":"product_tag","embeddable":true,"href":"https:\/\/mygandoura.com\/index.php\/wp-json\/wp\/v2\/product_tag?post=233"}],"curies":[{"name":"wp","href":"https:\/\/api.w.org\/{rel}","templated":true}]}}