{"id":254,"date":"2025-09-25T16:52:02","date_gmt":"2025-09-25T16:52:02","guid":{"rendered":"https:\/\/mygandoura.com\/?post_type=product&#038;p=254"},"modified":"2025-09-27T12:25:15","modified_gmt":"2025-09-27T12:25:15","slug":"gandoura-nude-orient-2-2","status":"publish","type":"product","link":"https:\/\/mygandoura.com\/index.php\/produit\/gandoura-nude-orient-2-2\/","title":{"rendered":"Gandoura \u00c9mir Bordeaux (L)"},"content":{"rendered":"<h1>\ud83c\udf1f Gandoura \u00c9mir Bordeaux &#8211;<br \/>\n<\/h1>\n<hr>\n<h3>Gandoura Homme \u00c9mir Bordeaux \u2013 Tradition et \u00c9l\u00e9gance<\/h3>\n<p>Apportez une touche de raffinement \u00e0 votre style avec cette <strong>gandoura homme<\/strong> aux finitions bordeaux profond. Confectionn\u00e9e dans un tissu satin\u00e9 fluide aux reflets dor\u00e9s, elle se distingue par ses <strong>rayures ton sur ton discr\u00e8tes<\/strong> et son <strong>col brod\u00e9 travaill\u00e9<\/strong>, symbole d\u2019\u00e9l\u00e9gance et de tradition.<\/p>\n<p>Id\u00e9ale pour vos soir\u00e9es, f\u00eates religieuses, mariages ou encore pour des moments de d\u00e9tente raffin\u00e9e, cette gandoura associe confort et prestige.<\/p>\n<p>\u2728 <strong>Caract\u00e9ristiques<\/strong> :<\/p>\n<ul>\n<li><strong>Couleur<\/strong> : Beige dor\u00e9 lumineux avec finitions bordeaux contrast\u00e9es<\/li>\n<li><strong>Tissu<\/strong> : Satin l\u00e9ger, respirant et agr\u00e9able \u00e0 porter<\/li>\n<li><strong>D\u00e9tails<\/strong> : Col brod\u00e9 et manches orn\u00e9es de liser\u00e9s bordeaux<\/li>\n<li><strong>Style<\/strong> : Chic, moderne et intemporel<\/li>\n<li><\/li>\n<\/ul>\n<p>Avec son design distingu\u00e9 et son confort optimal, cette <strong>gandoura homme<\/strong> est un indispensable pour ceux qui recherchent une tenue traditionnelle \u00e9l\u00e9gante et unique.<\/p>\n<hr>\n","protected":false},"excerpt":{"rendered":"<p>\ud83c\udf1f Gandoura \u00c9mir Bordeaux &#8211; Gandoura Homme \u00c9mir Bordeaux \u2013 Tradition et \u00c9l\u00e9gance Apportez une touche de raffinement \u00e0 votre style avec cette gandoura homme aux finitions bordeaux profond. Confectionn\u00e9e dans un tissu satin\u00e9 fluide aux reflets dor\u00e9s, elle se distingue par ses rayures ton sur ton discr\u00e8tes et son col brod\u00e9 travaill\u00e9, symbole d\u2019\u00e9l\u00e9gance [&#8230;]\n","protected":false},"featured_media":255,"comment_status":"open","ping_status":"closed","template":"","meta":[],"product_brand":[],"product_cat":[23],"product_tag":[],"class_list":{"0":"post-254","1":"product","2":"type-product","3":"status-publish","4":"has-post-thumbnail","6":"product_cat-gandoura-homme","8":"first","9":"instock","10":"shipping-taxable","11":"purchasable","12":"product-type-simple"},"jetpack_sharing_enabled":true,"_links":{"self":[{"href":"https:\/\/mygandoura.com\/index.php\/wp-json\/wp\/v2\/product\/254","targetHints":{"allow":["GET"]}}],"collection":[{"href":"https:\/\/mygandoura.com\/index.php\/wp-json\/wp\/v2\/product"}],"about":[{"href":"https:\/\/mygandoura.com\/index.php\/wp-json\/wp\/v2\/types\/product"}],"replies":[{"embeddable":true,"href":"https:\/\/mygandoura.com\/index.php\/wp-json\/wp\/v2\/comments?post=254"}],"wp:featuredmedia":[{"embeddable":true,"href":"https:\/\/mygandoura.com\/index.php\/wp-json\/wp\/v2\/media\/255"}],"wp:attachment":[{"href":"https:\/\/mygandoura.com\/index.php\/wp-json\/wp\/v2\/media?parent=254"}],"wp:term":[{"taxonomy":"product_brand","embeddable":true,"href":"https:\/\/mygandoura.com\/index.php\/wp-json\/wp\/v2\/product_brand?post=254"},{"taxonomy":"product_cat","embeddable":true,"href":"https:\/\/mygandoura.com\/index.php\/wp-json\/wp\/v2\/product_cat?post=254"},{"taxonomy":"product_tag","embeddable":true,"href":"https:\/\/mygandoura.com\/index.php\/wp-json\/wp\/v2\/product_tag?post=254"}],"curies":[{"name":"wp","href":"https:\/\/api.w.org\/{rel}","templated":true}]}}