{"id":376,"date":"2025-09-26T16:00:32","date_gmt":"2025-09-26T16:00:32","guid":{"rendered":"https:\/\/mygandoura.com\/index.php\/produit\/ensemble-de-priere-papillon\/"},"modified":"2025-09-27T16:18:12","modified_gmt":"2025-09-27T16:18:12","slug":"ensemble-de-priere-papillon","status":"publish","type":"product","link":"https:\/\/mygandoura.com\/index.php\/produit\/ensemble-de-priere-papillon\/","title":{"rendered":"Robe de pri\u00e8re noire strass"},"content":{"rendered":"<p>\u00c9levez vos instants spirituels avec cet ensemble de pri\u00e8re bordeaux.<\/p>\n<p>Confectionn\u00e9 dans un tissu fluide et confortable, cet ensemble de pri\u00e8re pour femme allie pudeur, \u00e9l\u00e9gance et s\u00e9r\u00e9nit\u00e9. Sa coupe ample et l\u00e9g\u00e8re assure une aisance totale lors des mouvements de pri\u00e8re, tandis que ses motifs incrust\u00e9s de strass apportent une touche de f\u00e9minit\u00e9 et de lumi\u00e8re \u00e0 chaque geste.<\/p>\n<p>Caract\u00e9ristiques :<\/p>\n<p>Robe de pri\u00e8re manches longues (hijab et cagoule int\u00e9gr\u00e9e.)<\/p>\n<p>Tissu doux, fluide et opaque.<\/p>\n<p>D\u00e9tails en strass pour une finition \u00e9l\u00e9gante<\/p>\n<p>Taille unique<\/p>\n<p>Disponible en bordeaux.<\/p>\n","protected":false},"excerpt":{"rendered":"<p>\u00c9levez vos instants spirituels avec cet ensemble de pri\u00e8re bordeaux. Confectionn\u00e9 dans un tissu fluide et confortable, cet ensemble de pri\u00e8re pour femme allie pudeur, \u00e9l\u00e9gance et s\u00e9r\u00e9nit\u00e9. Sa coupe ample et l\u00e9g\u00e8re assure une aisance totale lors des mouvements de pri\u00e8re, tandis que ses motifs incrust\u00e9s de strass apportent une touche de f\u00e9minit\u00e9 et [&#8230;]\n","protected":false},"featured_media":442,"comment_status":"open","ping_status":"closed","template":"","meta":[],"product_brand":[],"product_cat":[20],"product_tag":[],"class_list":{"0":"post-376","1":"product","2":"type-product","3":"status-publish","4":"has-post-thumbnail","6":"product_cat-ensemble-accessoire","8":"first","9":"instock","10":"sale","11":"shipping-taxable","12":"purchasable","13":"product-type-simple"},"jetpack_sharing_enabled":true,"_links":{"self":[{"href":"https:\/\/mygandoura.com\/index.php\/wp-json\/wp\/v2\/product\/376","targetHints":{"allow":["GET"]}}],"collection":[{"href":"https:\/\/mygandoura.com\/index.php\/wp-json\/wp\/v2\/product"}],"about":[{"href":"https:\/\/mygandoura.com\/index.php\/wp-json\/wp\/v2\/types\/product"}],"replies":[{"embeddable":true,"href":"https:\/\/mygandoura.com\/index.php\/wp-json\/wp\/v2\/comments?post=376"}],"wp:featuredmedia":[{"embeddable":true,"href":"https:\/\/mygandoura.com\/index.php\/wp-json\/wp\/v2\/media\/442"}],"wp:attachment":[{"href":"https:\/\/mygandoura.com\/index.php\/wp-json\/wp\/v2\/media?parent=376"}],"wp:term":[{"taxonomy":"product_brand","embeddable":true,"href":"https:\/\/mygandoura.com\/index.php\/wp-json\/wp\/v2\/product_brand?post=376"},{"taxonomy":"product_cat","embeddable":true,"href":"https:\/\/mygandoura.com\/index.php\/wp-json\/wp\/v2\/product_cat?post=376"},{"taxonomy":"product_tag","embeddable":true,"href":"https:\/\/mygandoura.com\/index.php\/wp-json\/wp\/v2\/product_tag?post=376"}],"curies":[{"name":"wp","href":"https:\/\/api.w.org\/{rel}","templated":true}]}}