{"id":451,"date":"2025-09-27T16:00:02","date_gmt":"2025-09-27T16:00:02","guid":{"rendered":"https:\/\/mygandoura.com\/?post_type=product&#038;p=451"},"modified":"2025-09-27T16:04:13","modified_gmt":"2025-09-27T16:04:13","slug":"gandoura-cleo","status":"publish","type":"product","link":"https:\/\/mygandoura.com\/index.php\/produit\/gandoura-cleo\/","title":{"rendered":"Gandoura Cleo"},"content":{"rendered":"<p>&nbsp;<\/p>\n<hr \/>\n<h1>\u2728 <strong>Gandoura Cl\u00e9o \u2013 \u00c9l\u00e9gance intemporelle en plusieurs coloris<\/strong> \u2728<\/h1>\n<p>Craquez pour la <strong>gandoura Cl\u00e9o<\/strong>, un mod\u00e8le raffin\u00e9 qui incarne \u00e0 la perfection la gr\u00e2ce de la tenue orientale traditionnelle. Confectionn\u00e9e dans un tissu fluide et l\u00e9ger, cette gandoura met en valeur une <strong>broderie dor\u00e9e d\u00e9licate<\/strong> au niveau du col et des manches, apportant une touche de luxe et de f\u00e9minit\u00e9 \u00e0 votre allure.<\/p>\n<p>\ud83c\udf08 <strong>Disponible en plusieurs coloris<\/strong> (noir, rouge, rose, fuchsia, blanc, bleu \u2026), la gandoura Cl\u00e9o s\u2019adapte \u00e0 tous les styles et toutes les envies.<br \/>\n\ud83d\udccf <strong>Taille unique<\/strong> \u2013 convient du S au L.<\/p>\n<p>\ud83d\udd0d Ne manquez pas cette <strong>gandoura tendance<\/strong>, \u00e0 la crois\u00e9e entre tradition et modernit\u00e9. Un incontournable \u00e0 avoir dans votre garde-robe.<\/p>\n<hr \/>\n<p>&nbsp;<\/p>\n","protected":false},"excerpt":{"rendered":"<p>&nbsp; \u2728 Gandoura Cl\u00e9o \u2013 \u00c9l\u00e9gance intemporelle en plusieurs coloris \u2728 Craquez pour la gandoura Cl\u00e9o, un mod\u00e8le raffin\u00e9 qui incarne \u00e0 la perfection la gr\u00e2ce de la tenue orientale traditionnelle. Confectionn\u00e9e dans un tissu fluide et l\u00e9ger, cette gandoura met en valeur une broderie dor\u00e9e d\u00e9licate au niveau du col et des manches, apportant [&#8230;]\n","protected":false},"featured_media":459,"comment_status":"open","ping_status":"closed","template":"","meta":[],"product_brand":[],"product_cat":[22],"product_tag":[],"class_list":{"0":"post-451","1":"product","2":"type-product","3":"status-publish","4":"has-post-thumbnail","6":"product_cat-gandoura","8":"first","9":"instock","10":"shipping-taxable","11":"purchasable","12":"product-type-variable"},"jetpack_sharing_enabled":true,"_links":{"self":[{"href":"https:\/\/mygandoura.com\/index.php\/wp-json\/wp\/v2\/product\/451","targetHints":{"allow":["GET"]}}],"collection":[{"href":"https:\/\/mygandoura.com\/index.php\/wp-json\/wp\/v2\/product"}],"about":[{"href":"https:\/\/mygandoura.com\/index.php\/wp-json\/wp\/v2\/types\/product"}],"replies":[{"embeddable":true,"href":"https:\/\/mygandoura.com\/index.php\/wp-json\/wp\/v2\/comments?post=451"}],"wp:featuredmedia":[{"embeddable":true,"href":"https:\/\/mygandoura.com\/index.php\/wp-json\/wp\/v2\/media\/459"}],"wp:attachment":[{"href":"https:\/\/mygandoura.com\/index.php\/wp-json\/wp\/v2\/media?parent=451"}],"wp:term":[{"taxonomy":"product_brand","embeddable":true,"href":"https:\/\/mygandoura.com\/index.php\/wp-json\/wp\/v2\/product_brand?post=451"},{"taxonomy":"product_cat","embeddable":true,"href":"https:\/\/mygandoura.com\/index.php\/wp-json\/wp\/v2\/product_cat?post=451"},{"taxonomy":"product_tag","embeddable":true,"href":"https:\/\/mygandoura.com\/index.php\/wp-json\/wp\/v2\/product_tag?post=451"}],"curies":[{"name":"wp","href":"https:\/\/api.w.org\/{rel}","templated":true}]}}