{"id":462,"date":"2025-09-27T15:50:47","date_gmt":"2025-09-27T15:50:47","guid":{"rendered":"https:\/\/mygandoura.com\/?post_type=product&#038;p=462"},"modified":"2025-09-27T16:14:28","modified_gmt":"2025-09-27T16:14:28","slug":"cape-evenement-maroc-artisanal-2-2-2","status":"publish","type":"product","link":"https:\/\/mygandoura.com\/index.php\/produit\/cape-evenement-maroc-artisanal-2-2-2\/","title":{"rendered":"Cape Maroc Artisanale Ado"},"content":{"rendered":"<h1>Cape Maroc Artisanale pour enfant \u2013<\/h1>\n<p>Plongez au c\u0153ur de l\u2019\u00e9l\u00e9gance marocaine avec cette cape artisanale pour adolescent (12 \/ 16 ans), confectionn\u00e9e avec soin et inspir\u00e9e de la richesse du patrimoine traditionnel.<\/p>\n<p>D\u2019un rouge profond \u00e9clatant sublim\u00e9 par le penthacle vert du Maroc brod\u00e9 au dos, cette cape incarne \u00e0 la fois la fiert\u00e9 nationale et l\u2019authenticit\u00e9 du savoir faire marocain.<\/p>\n<p>Parfait pour les grandes occasions, c\u00e9r\u00e9monies ou \u00e9v\u00e9nements culturels de votre bambin.<\/p>\n<p>\u2714\ufe0f Fabrication artisanale avec des finitions haut de gamme<\/p>\n<p>\u2714\ufe0f Coupe ample et fluide pour un confort optimal<\/p>\n<p>\u2714\ufe0f D\u00e9tails soign\u00e9s : capuche, bordures vertes et \u00e9toile marocaine en satin<\/p>\n<p>\u2714\ufe0f Taille unique \u2013 convient \u00e0 toutes morphologies f\u00e9minine.<\/p>\n<p>\u2714\ufe0f Pi\u00e8ce rare qui allie modernit\u00e9 et tradition<\/p>\n<p>Que ce soit pour affirmer votre identit\u00e9, honorer une c\u00e9l\u00e9bration ou simplement porter une pi\u00e8ce unique au style noble, cette cape marocaine est un incontournable.<\/p>\n<p>\u2728 Un v\u00eatement symbolique et intemporel, \u00e0 la fois \u00e9l\u00e9gant et charg\u00e9 d\u2019histoire.<\/p>\n","protected":false},"excerpt":{"rendered":"<p>Cape Maroc Artisanale pour enfant \u2013 Plongez au c\u0153ur de l\u2019\u00e9l\u00e9gance marocaine avec cette cape artisanale pour adolescent (12 \/ 16 ans), confectionn\u00e9e avec soin et inspir\u00e9e de la richesse du patrimoine traditionnel. D\u2019un rouge profond \u00e9clatant sublim\u00e9 par le penthacle vert du Maroc brod\u00e9 au dos, cette cape incarne \u00e0 la fois la fiert\u00e9 [&#8230;]\n","protected":false},"featured_media":467,"comment_status":"open","ping_status":"closed","template":"","meta":[],"product_brand":[],"product_cat":[19],"product_tag":[],"class_list":{"0":"post-462","1":"product","2":"type-product","3":"status-publish","4":"has-post-thumbnail","6":"product_cat-collection-festive","8":"first","9":"instock","10":"shipping-taxable","11":"purchasable","12":"product-type-simple"},"jetpack_sharing_enabled":true,"_links":{"self":[{"href":"https:\/\/mygandoura.com\/index.php\/wp-json\/wp\/v2\/product\/462","targetHints":{"allow":["GET"]}}],"collection":[{"href":"https:\/\/mygandoura.com\/index.php\/wp-json\/wp\/v2\/product"}],"about":[{"href":"https:\/\/mygandoura.com\/index.php\/wp-json\/wp\/v2\/types\/product"}],"replies":[{"embeddable":true,"href":"https:\/\/mygandoura.com\/index.php\/wp-json\/wp\/v2\/comments?post=462"}],"wp:featuredmedia":[{"embeddable":true,"href":"https:\/\/mygandoura.com\/index.php\/wp-json\/wp\/v2\/media\/467"}],"wp:attachment":[{"href":"https:\/\/mygandoura.com\/index.php\/wp-json\/wp\/v2\/media?parent=462"}],"wp:term":[{"taxonomy":"product_brand","embeddable":true,"href":"https:\/\/mygandoura.com\/index.php\/wp-json\/wp\/v2\/product_brand?post=462"},{"taxonomy":"product_cat","embeddable":true,"href":"https:\/\/mygandoura.com\/index.php\/wp-json\/wp\/v2\/product_cat?post=462"},{"taxonomy":"product_tag","embeddable":true,"href":"https:\/\/mygandoura.com\/index.php\/wp-json\/wp\/v2\/product_tag?post=462"}],"curies":[{"name":"wp","href":"https:\/\/api.w.org\/{rel}","templated":true}]}}