{"id":469,"date":"2025-09-27T16:18:46","date_gmt":"2025-09-27T16:18:46","guid":{"rendered":"https:\/\/mygandoura.com\/?post_type=product&#038;p=469"},"modified":"2025-09-27T16:22:42","modified_gmt":"2025-09-27T16:22:42","slug":"ensemble-de-priere-papillon-3","status":"publish","type":"product","link":"https:\/\/mygandoura.com\/index.php\/produit\/ensemble-de-priere-papillon-3\/","title":{"rendered":"Robe de pri\u00e8re noire simple"},"content":{"rendered":"<h1>Robe de pri\u00e8re noire (hijab int\u00e9gr\u00e9)<\/h1>\n<p>\u00c9levez vos instants spirituels avec cet robe de pri\u00e8re.<\/p>\n<p>Confectionn\u00e9 dans un tissu fluide et confortable, cet ensemble de pri\u00e8re pour femme allie pudeur, \u00e9l\u00e9gance et s\u00e9r\u00e9nit\u00e9. Sa coupe ample et l\u00e9g\u00e8re assure une aisance totale lors des mouvements de pri\u00e8re.<\/p>\n<p>Caract\u00e9ristiques :<\/p>\n<p>Robe de pri\u00e8re manches longues (hijab int\u00e9gr\u00e9e.)<\/p>\n<p>Tissu doux, fluide et opaque.<\/p>\n<p>Taille unique.<\/p>\n","protected":false},"excerpt":{"rendered":"<p>Robe de pri\u00e8re noire (hijab int\u00e9gr\u00e9) \u00c9levez vos instants spirituels avec cet robe de pri\u00e8re. Confectionn\u00e9 dans un tissu fluide et confortable, cet ensemble de pri\u00e8re pour femme allie pudeur, \u00e9l\u00e9gance et s\u00e9r\u00e9nit\u00e9. Sa coupe ample et l\u00e9g\u00e8re assure une aisance totale lors des mouvements de pri\u00e8re. Caract\u00e9ristiques : Robe de pri\u00e8re manches longues (hijab [&#8230;]\n","protected":false},"featured_media":471,"comment_status":"open","ping_status":"closed","template":"","meta":[],"product_brand":[],"product_cat":[20],"product_tag":[],"class_list":{"0":"post-469","1":"product","2":"type-product","3":"status-publish","4":"has-post-thumbnail","6":"product_cat-ensemble-accessoire","8":"first","9":"instock","10":"sale","11":"shipping-taxable","12":"purchasable","13":"product-type-simple"},"jetpack_sharing_enabled":true,"_links":{"self":[{"href":"https:\/\/mygandoura.com\/index.php\/wp-json\/wp\/v2\/product\/469","targetHints":{"allow":["GET"]}}],"collection":[{"href":"https:\/\/mygandoura.com\/index.php\/wp-json\/wp\/v2\/product"}],"about":[{"href":"https:\/\/mygandoura.com\/index.php\/wp-json\/wp\/v2\/types\/product"}],"replies":[{"embeddable":true,"href":"https:\/\/mygandoura.com\/index.php\/wp-json\/wp\/v2\/comments?post=469"}],"wp:featuredmedia":[{"embeddable":true,"href":"https:\/\/mygandoura.com\/index.php\/wp-json\/wp\/v2\/media\/471"}],"wp:attachment":[{"href":"https:\/\/mygandoura.com\/index.php\/wp-json\/wp\/v2\/media?parent=469"}],"wp:term":[{"taxonomy":"product_brand","embeddable":true,"href":"https:\/\/mygandoura.com\/index.php\/wp-json\/wp\/v2\/product_brand?post=469"},{"taxonomy":"product_cat","embeddable":true,"href":"https:\/\/mygandoura.com\/index.php\/wp-json\/wp\/v2\/product_cat?post=469"},{"taxonomy":"product_tag","embeddable":true,"href":"https:\/\/mygandoura.com\/index.php\/wp-json\/wp\/v2\/product_tag?post=469"}],"curies":[{"name":"wp","href":"https:\/\/api.w.org\/{rel}","templated":true}]}}