{"id":496,"date":"2025-09-29T16:22:36","date_gmt":"2025-09-29T16:22:36","guid":{"rendered":"https:\/\/mygandoura.com\/?post_type=product&#038;p=496"},"modified":"2025-09-30T15:11:07","modified_gmt":"2025-09-30T15:11:07","slug":"gandoura-fleuri-2","status":"publish","type":"product","link":"https:\/\/mygandoura.com\/index.php\/produit\/gandoura-fleuri-2\/","title":{"rendered":"Gandoura Samira"},"content":{"rendered":"<h1>\u2728 Gandoura Samira \u2013 \u00c9l\u00e9gance orientale et raffinement \u2728<\/h1>\n<p>D\u00e9couvrez la gandoura Samira, une pi\u00e8ce unique qui allie tradition et modernit\u00e9. Con\u00e7ue dans un tissu fluide de couleur lavande, elle se distingue par ses motifs arrondis brod\u00e9s en dor\u00e9, apportant une touche de finesse et de f\u00e9minit\u00e9. Sa coupe ample et confortable en fait un choix id\u00e9al pour vos soir\u00e9es, f\u00eates ou moments de d\u00e9tente \u00e0 la maison, tout en conservant une allure chic et distingu\u00e9e.<\/p>\n<p>Avec ses finitions soign\u00e9es et son style intemporel, cette gandoura orientale s\u2019adapte \u00e0 toutes les morphologies et met en valeur la silhouette avec \u00e9l\u00e9gance gr\u00e2ce \u00e0 sa ceinture int\u00e9gr\u00e9e. Facile \u00e0 porter, elle se suffit \u00e0 elle-m\u00eame pour offrir un look raffin\u00e9 digne des plus belles tenues traditionnelles.<\/p>\n<p>\u2705 Taille unique \u2013 convient \u00e0 toutes les silhouettes.<br \/>\n\u2705 Tissu fluide et agr\u00e9able (soie de M\u00e9dine).<br \/>\n\u2705 Broderies arrondies au col pour un charme authentique.<\/p>\n","protected":false},"excerpt":{"rendered":"<p>\u2728 Gandoura Samira \u2013 \u00c9l\u00e9gance orientale et raffinement \u2728 D\u00e9couvrez la gandoura Samira, une pi\u00e8ce unique qui allie tradition et modernit\u00e9. Con\u00e7ue dans un tissu fluide de couleur lavande, elle se distingue par ses motifs arrondis brod\u00e9s en dor\u00e9, apportant une touche de finesse et de f\u00e9minit\u00e9. Sa coupe ample et confortable en fait un [&#8230;]\n","protected":false},"featured_media":512,"comment_status":"open","ping_status":"closed","template":"","meta":[],"product_brand":[],"product_cat":[22],"product_tag":[],"class_list":{"0":"post-496","1":"product","2":"type-product","3":"status-publish","4":"has-post-thumbnail","6":"product_cat-gandoura","8":"first","9":"instock","10":"shipping-taxable","11":"purchasable","12":"product-type-variable"},"jetpack_sharing_enabled":true,"_links":{"self":[{"href":"https:\/\/mygandoura.com\/index.php\/wp-json\/wp\/v2\/product\/496","targetHints":{"allow":["GET"]}}],"collection":[{"href":"https:\/\/mygandoura.com\/index.php\/wp-json\/wp\/v2\/product"}],"about":[{"href":"https:\/\/mygandoura.com\/index.php\/wp-json\/wp\/v2\/types\/product"}],"replies":[{"embeddable":true,"href":"https:\/\/mygandoura.com\/index.php\/wp-json\/wp\/v2\/comments?post=496"}],"wp:featuredmedia":[{"embeddable":true,"href":"https:\/\/mygandoura.com\/index.php\/wp-json\/wp\/v2\/media\/512"}],"wp:attachment":[{"href":"https:\/\/mygandoura.com\/index.php\/wp-json\/wp\/v2\/media?parent=496"}],"wp:term":[{"taxonomy":"product_brand","embeddable":true,"href":"https:\/\/mygandoura.com\/index.php\/wp-json\/wp\/v2\/product_brand?post=496"},{"taxonomy":"product_cat","embeddable":true,"href":"https:\/\/mygandoura.com\/index.php\/wp-json\/wp\/v2\/product_cat?post=496"},{"taxonomy":"product_tag","embeddable":true,"href":"https:\/\/mygandoura.com\/index.php\/wp-json\/wp\/v2\/product_tag?post=496"}],"curies":[{"name":"wp","href":"https:\/\/api.w.org\/{rel}","templated":true}]}}